{"id":40,"date":"2023-05-06T21:13:56","date_gmt":"2023-05-06T21:13:56","guid":{"rendered":"http:\/\/www.pbrevestiment.com\/?page_id=40"},"modified":"2023-05-07T12:14:10","modified_gmt":"2023-05-07T12:14:10","slug":"acerca-de","status":"publish","type":"page","link":"https:\/\/www.pbrevestiment.com\/index.php\/acerca-de\/","title":{"rendered":"Acerca de"},"content":{"rendered":"\n<div class=\"wp-block-uagb-container uagb-block-8d45731e alignfull uagb-is-root-container\"><div class=\"uagb-container-inner-blocks-wrap\">\n<div class=\"wp-block-uagb-container uagb-block-06e363d7\">\n<div class=\"wp-block-uagb-advanced-heading uagb-block-feea45d3\"><h1 class=\"uagb-heading-text\">Qui\u00e9nes somos<\/h1><\/div>\n<\/div>\n\n\n\n<div class=\"wp-block-uagb-container uagb-block-c883d611\">\n<div class=\"wp-block-uagb-advanced-heading uagb-block-807fd5e2\"><h6 class=\"uagb-heading-text\"><strong><strong>Ll\u00e1manos<\/strong><\/strong><\/h6><\/div>\n\n\n\n<div class=\"wp-block-uagb-icon-list uagb-block-295c8b97\"><div class=\"uagb-icon-list__wrap\">\n<div class=\"wp-block-uagb-icon-list-child uagb-block-61eea204\"><span class=\"uagb-icon-list__source-wrap\"><svg xmlns=\"https:\/\/www.w3.org\/2000\/svg\" viewBox=\"0 0 512 512\"><path d=\"M18.92 351.2l108.5-46.52c12.78-5.531 27.77-1.801 36.45 8.98l44.09 53.82c69.25-34 125.5-90.31 159.5-159.5l-53.81-44.04c-10.75-8.781-14.41-23.69-8.974-36.47l46.51-108.5c6.094-13.91 21.1-21.52 35.79-18.11l100.8 23.25c14.25 3.25 24.22 15.8 24.22 30.46c0 252.3-205.2 457.5-457.5 457.5c-14.67 0-27.18-9.968-30.45-24.22l-23.25-100.8C-2.571 372.4 5.018 357.2 18.92 351.2z\"><\/path><\/svg><\/span><span class=\"uagb-icon-list__label\">+34 687665583\u200b<\/span><\/div>\n<\/div><\/div>\n<\/div>\n<\/div><\/div>\n\n\n\n<div class=\"wp-block-uagb-container uagb-block-162b248f alignfull uagb-is-root-container\"><div class=\"uagb-container-inner-blocks-wrap\">\n<div class=\"wp-block-uagb-container uagb-block-81bddcc8\">\n<div class=\"wp-block-uagb-container uagb-block-3abd55bb\">\n<div class=\"wp-block-uagb-advanced-heading uagb-block-fae0b5bf\"><h2 class=\"uagb-heading-text\">Rehabilitaci\u00f3n, Sostenibilidad, Calidad e Innovaci\u00f3n<\/h2><div class=\"uagb-separator\"><\/div><\/div>\n<\/div>\n\n\n\n<div class=\"wp-block-uagb-container uagb-block-b231c855\">\n<div class=\"wp-block-uagb-advanced-heading uagb-block-5b4c8a2c\"><p class=\"uagb-desc-text\">Somos una empresa l\u00edder en el sector de la construcci\u00f3n, enfocada en la innovaci\u00f3n y comprometida con el desarrollo sostenible y la responsabilidad ecol\u00f3gica. Nos mantenemos a la vanguardia en la ejecuci\u00f3n de proyectos de reformas, construcci\u00f3n y rehabilitaci\u00f3n, utilizando maquinaria y tecnolog\u00edas de \u00faltima generaci\u00f3n para ofrecer el mejor servicio y asesoramiento personalizado en cada uno de tus proyectos. Nuestra misi\u00f3n es materializar tus ideas y necesidades, garantizando resultados de alta calidad y durabilidad, siempre respetando el medio ambiente.<\/p><\/div>\n<\/div>\n<\/div>\n\n\n\n<div class=\"wp-block-uagb-container uag-blocks-common-selector uagb-block-079eed1a\">\n<div class=\"wp-block-uagb-advanced-heading uagb-block-d4a18d25\"><h3 class=\"uagb-heading-text\">CONSTRUCCI\u00d3N RESPONSABLE PARA UN FUTURO BRILLANTE<\/h3><\/div>\n\n\n\n<div class=\"wp-block-uagb-icon-list uagb-block-6543499e\"><div class=\"uagb-icon-list__wrap\">\n<div class=\"wp-block-uagb-icon-list-child uagb-block-f3a5c4d7\"><span class=\"uagb-icon-list__source-wrap\"><svg xmlns=\"https:\/\/www.w3.org\/2000\/svg\" viewBox=\"0 0 512 512\"><path d=\"M256 0C114.6 0 0 114.6 0 256c0 141.4 114.6 256 256 256s256-114.6 256-256C512 114.6 397.4 0 256 0zM406.6 278.6l-103.1 103.1c-12.5 12.5-32.75 12.5-45.25 0s-12.5-32.75 0-45.25L306.8 288H128C110.3 288 96 273.7 96 256s14.31-32 32-32h178.8l-49.38-49.38c-12.5-12.5-12.5-32.75 0-45.25s32.75-12.5 45.25 0l103.1 103.1C414.6 241.3 416 251.1 416 256C416 260.9 414.6 270.7 406.6 278.6z\"><\/path><\/svg><\/span><span class=\"uagb-icon-list__label\">Elemento de la lista<\/span><\/div>\n\n\n\n<div class=\"wp-block-uagb-icon-list-child uagb-block-8429f9b2\"><span class=\"uagb-icon-list__source-wrap\"><svg xmlns=\"https:\/\/www.w3.org\/2000\/svg\" viewBox=\"0 0 512 512\"><path d=\"M256 0C114.6 0 0 114.6 0 256c0 141.4 114.6 256 256 256s256-114.6 256-256C512 114.6 397.4 0 256 0zM406.6 278.6l-103.1 103.1c-12.5 12.5-32.75 12.5-45.25 0s-12.5-32.75 0-45.25L306.8 288H128C110.3 288 96 273.7 96 256s14.31-32 32-32h178.8l-49.38-49.38c-12.5-12.5-12.5-32.75 0-45.25s32.75-12.5 45.25 0l103.1 103.1C414.6 241.3 416 251.1 416 256C416 260.9 414.6 270.7 406.6 278.6z\"><\/path><\/svg><\/span><span class=\"uagb-icon-list__label\">Elemento de la lista<\/span><\/div>\n\n\n\n<div class=\"wp-block-uagb-icon-list-child uagb-block-45394aee\"><span class=\"uagb-icon-list__source-wrap\"><svg xmlns=\"https:\/\/www.w3.org\/2000\/svg\" viewBox=\"0 0 512 512\"><path d=\"M256 0C114.6 0 0 114.6 0 256c0 141.4 114.6 256 256 256s256-114.6 256-256C512 114.6 397.4 0 256 0zM406.6 278.6l-103.1 103.1c-12.5 12.5-32.75 12.5-45.25 0s-12.5-32.75 0-45.25L306.8 288H128C110.3 288 96 273.7 96 256s14.31-32 32-32h178.8l-49.38-49.38c-12.5-12.5-12.5-32.75 0-45.25s32.75-12.5 45.25 0l103.1 103.1C414.6 241.3 416 251.1 416 256C416 260.9 414.6 270.7 406.6 278.6z\"><\/path><\/svg><\/span><span class=\"uagb-icon-list__label\">Elemento de la lista<\/span><\/div>\n<\/div><\/div>\n<\/div>\n<\/div><\/div>\n\n\n\n<div class=\"wp-block-uagb-container uag-blocks-common-selector uagb-block-aeb2d228 alignfull uagb-is-root-container\"><div class=\"uagb-container-inner-blocks-wrap\">\n<div class=\"wp-block-uagb-container uagb-block-7613ea5e\">\n<div class=\"wp-block-uagb-advanced-heading uagb-block-155136f2\"><h2 class=\"uagb-heading-text\">NUESTRA MISI\u00d3N<\/h2><div class=\"uagb-separator\"><\/div><\/div>\n<\/div>\n\n\n\n<div class=\"wp-block-uagb-container uagb-block-ac1acaf5\">\n<div class=\"wp-block-uagb-advanced-heading uagb-block-ea9e9ba3\"><p class=\"uagb-desc-text\">Nuestra misi\u00f3n es ofrecer soluciones innovadoras, sostenibles y de alta calidad, que se adapten a las necesidades y expectativas de nuestros clientes. Nos comprometemos a generar un impacto positivo en la sociedad y el medio ambiente, fomentando pr\u00e1cticas de construcci\u00f3n responsable, eficiencia energ\u00e9tica y reducci\u00f3n de emisiones.<br><br>Nos esforzamos por crear espacios seguros, confortables y est\u00e9ticamente atractivos, siempre con un enfoque centrado en el cliente y en la preservaci\u00f3n de nuestro entorno. La formaci\u00f3n continua y la capacitaci\u00f3n de nuestro equipo de profesionales garantizan la excelencia en la ejecuci\u00f3n de cada proyecto, impulsando el desarrollo de t\u00e9cnicas y materiales que contribuyan a un futuro m\u00e1s sustentable.<br><br>En P.B. Revestiment, entendemos que cada proyecto es una oportunidad para fortalecer nuestra posici\u00f3n como referente en el mercado y para mejorar la calidad de vida de las personas y comunidades a las que servimos. Nuestra misi\u00f3n es construir un legado duradero, fundamentado en la integridad, la transparencia y el compromiso con el bienestar de nuestros clientes y del planeta.<\/p><\/div>\n<\/div>\n<\/div><\/div>\n\n\n\n<div class=\"wp-block-uagb-container uagb-block-68698849 alignfull uagb-is-root-container\"><div class=\"uagb-container-inner-blocks-wrap\">\n<div class=\"wp-block-uagb-container uagb-block-7a33daca\">\n<div class=\"wp-block-uagb-advanced-heading uagb-block-d4047045\"><h2 class=\"uagb-heading-text\">Elige P.B. Revestiment<\/h2><div class=\"uagb-separator\"><\/div><p class=\"uagb-desc-text\">: Calidad, sostenibilidad y experiencia<\/p><\/div>\n<\/div>\n\n\n\n<div class=\"wp-block-uagb-container uagb-block-0b91752f\">\n<div class=\"wp-block-uagb-icon-list uagb-block-3fb08892\"><div class=\"uagb-icon-list__wrap\">\n<div class=\"wp-block-uagb-icon-list-child uagb-block-4035e506\"><span class=\"uagb-icon-list__source-wrap\"><svg xmlns=\"https:\/\/www.w3.org\/2000\/svg\" viewBox=\"0 0 448 512\"><path d=\"M400 288h-352c-17.69 0-32-14.32-32-32.01s14.31-31.99 32-31.99h352c17.69 0 32 14.3 32 31.99S417.7 288 400 288z\"><\/path><\/svg><\/span><span class=\"uagb-icon-list__label\">15+ a\u00f1os de experiencia en el sector<\/span><\/div>\n\n\n\n<div class=\"wp-block-uagb-icon-list-child uagb-block-cee4cf6b\"><span class=\"uagb-icon-list__source-wrap\"><svg xmlns=\"https:\/\/www.w3.org\/2000\/svg\" viewBox=\"0 0 448 512\"><path d=\"M400 288h-352c-17.69 0-32-14.32-32-32.01s14.31-31.99 32-31.99h352c17.69 0 32 14.3 32 31.99S417.7 288 400 288z\"><\/path><\/svg><\/span><span class=\"uagb-icon-list__label\">Calidad <\/span><\/div>\n\n\n\n<div class=\"wp-block-uagb-icon-list-child uagb-block-ef2d824a\"><span class=\"uagb-icon-list__source-wrap\"><svg xmlns=\"https:\/\/www.w3.org\/2000\/svg\" viewBox=\"0 0 448 512\"><path d=\"M400 288h-352c-17.69 0-32-14.32-32-32.01s14.31-31.99 32-31.99h352c17.69 0 32 14.3 32 31.99S417.7 288 400 288z\"><\/path><\/svg><\/span><span class=\"uagb-icon-list__label\">Durabilidad<\/span><\/div>\n\n\n\n<div class=\"wp-block-uagb-icon-list-child uagb-block-172d7b50\"><span class=\"uagb-icon-list__source-wrap\"><svg xmlns=\"https:\/\/www.w3.org\/2000\/svg\" viewBox=\"0 0 448 512\"><path d=\"M400 288h-352c-17.69 0-32-14.32-32-32.01s14.31-31.99 32-31.99h352c17.69 0 32 14.3 32 31.99S417.7 288 400 288z\"><\/path><\/svg><\/span><span class=\"uagb-icon-list__label\">Personalizaci\u00f3n<\/span><\/div>\n\n\n\n<div class=\"wp-block-uagb-icon-list-child uagb-block-fd8e19b8\"><span class=\"uagb-icon-list__source-wrap\"><svg xmlns=\"https:\/\/www.w3.org\/2000\/svg\" viewBox=\"0 0 448 512\"><path d=\"M400 288h-352c-17.69 0-32-14.32-32-32.01s14.31-31.99 32-31.99h352c17.69 0 32 14.3 32 31.99S417.7 288 400 288z\"><\/path><\/svg><\/span><span class=\"uagb-icon-list__label\">Compromiso con la sostenibilidad<\/span><\/div>\n<\/div><\/div>\n<\/div>\n\n\n\n<div class=\"wp-block-uagb-container uagb-block-a88016c1\">\n<div class=\"wp-block-uagb-icon-list uagb-block-f0db9a13\"><div class=\"uagb-icon-list__wrap\">\n<div class=\"wp-block-uagb-icon-list-child uagb-block-6bdc0c83\"><span class=\"uagb-icon-list__source-wrap\"><svg xmlns=\"https:\/\/www.w3.org\/2000\/svg\" viewBox=\"0 0 448 512\"><path d=\"M400 288h-352c-17.69 0-32-14.32-32-32.01s14.31-31.99 32-31.99h352c17.69 0 32 14.3 32 31.99S417.7 288 400 288z\"><\/path><\/svg><\/span><span class=\"uagb-icon-list__label\">Servicio integral<\/span><\/div>\n\n\n\n<div class=\"wp-block-uagb-icon-list-child uagb-block-de0b464e\"><span class=\"uagb-icon-list__source-wrap\"><svg xmlns=\"https:\/\/www.w3.org\/2000\/svg\" viewBox=\"0 0 448 512\"><path d=\"M400 288h-352c-17.69 0-32-14.32-32-32.01s14.31-31.99 32-31.99h352c17.69 0 32 14.3 32 31.99S417.7 288 400 288z\"><\/path><\/svg><\/span><span class=\"uagb-icon-list__label\">innovaci\u00f3n <\/span><\/div>\n\n\n\n<div class=\"wp-block-uagb-icon-list-child uagb-block-d3b46b71\"><span class=\"uagb-icon-list__source-wrap\"><svg xmlns=\"https:\/\/www.w3.org\/2000\/svg\" viewBox=\"0 0 448 512\"><path d=\"M400 288h-352c-17.69 0-32-14.32-32-32.01s14.31-31.99 32-31.99h352c17.69 0 32 14.3 32 31.99S417.7 288 400 288z\"><\/path><\/svg><\/span><span class=\"uagb-icon-list__label\">mejora continua<\/span><\/div>\n\n\n\n<div class=\"wp-block-uagb-icon-list-child uagb-block-69b22821\"><span class=\"uagb-icon-list__source-wrap\"><svg xmlns=\"https:\/\/www.w3.org\/2000\/svg\" viewBox=\"0 0 448 512\"><path d=\"M400 288h-352c-17.69 0-32-14.32-32-32.01s14.31-31.99 32-31.99h352c17.69 0 32 14.3 32 31.99S417.7 288 400 288z\"><\/path><\/svg><\/span><span class=\"uagb-icon-list__label\">Adaptabilidad<\/span><\/div>\n\n\n\n<div class=\"wp-block-uagb-icon-list-child uagb-block-ef089abb\"><span class=\"uagb-icon-list__source-wrap\"><svg xmlns=\"https:\/\/www.w3.org\/2000\/svg\" viewBox=\"0 0 448 512\"><path d=\"M400 288h-352c-17.69 0-32-14.32-32-32.01s14.31-31.99 32-31.99h352c17.69 0 32 14.3 32 31.99S417.7 288 400 288z\"><\/path><\/svg><\/span><span class=\"uagb-icon-list__label\">Efectividad<\/span><\/div>\n<\/div><\/div>\n<\/div>\n<\/div><\/div>\n","protected":false},"excerpt":{"rendered":"","protected":false},"author":1,"featured_media":0,"parent":0,"menu_order":0,"comment_status":"closed","ping_status":"closed","template":"","meta":{"_uag_custom_page_level_css":"","footnotes":""},"class_list":["post-40","page","type-page","status-publish","hentry"],"blocksy_meta":{"has_hero_section":"disabled"},"featured_image_urls":{"full":"","thumbnail":"","medium":"","medium_large":"","large":"","1536x1536":"","2048x2048":"","trp-custom-language-flag":""},"post_excerpt_stackable":"<p>Qui\u00e9nes somos Ll\u00e1manos +34 687665583\u200b Rehabilitaci\u00f3n, Sostenibilidad, Calidad e Innovaci\u00f3n Somos una empresa l\u00edder en el sector de la construcci\u00f3n, enfocada en la innovaci\u00f3n y comprometida con el desarrollo sostenible y la responsabilidad ecol\u00f3gica. Nos mantenemos a la vanguardia en la ejecuci\u00f3n de proyectos de reformas, construcci\u00f3n y rehabilitaci\u00f3n, utilizando maquinaria y tecnolog\u00edas de \u00faltima generaci\u00f3n para ofrecer el mejor servicio y asesoramiento personalizado en cada uno de tus proyectos. Nuestra misi\u00f3n es materializar tus ideas y necesidades, garantizando resultados de alta calidad y durabilidad, siempre respetando el medio ambiente. CONSTRUCCI\u00d3N RESPONSABLE PARA UN FUTURO BRILLANTE Elemento de la lista&hellip;<\/p>\n","category_list":"","author_info":{"name":"admin3143","url":"https:\/\/www.pbrevestiment.com\/index.php\/author\/admin3143\/"},"comments_num":"0 comentarios","uagb_featured_image_src":{"full":false,"thumbnail":false,"medium":false,"medium_large":false,"large":false,"1536x1536":false,"2048x2048":false,"trp-custom-language-flag":false},"uagb_author_info":{"display_name":"admin3143","author_link":"https:\/\/www.pbrevestiment.com\/index.php\/author\/admin3143\/"},"uagb_comment_info":0,"uagb_excerpt":null,"_links":{"self":[{"href":"https:\/\/www.pbrevestiment.com\/index.php\/wp-json\/wp\/v2\/pages\/40","targetHints":{"allow":["GET"]}}],"collection":[{"href":"https:\/\/www.pbrevestiment.com\/index.php\/wp-json\/wp\/v2\/pages"}],"about":[{"href":"https:\/\/www.pbrevestiment.com\/index.php\/wp-json\/wp\/v2\/types\/page"}],"author":[{"embeddable":true,"href":"https:\/\/www.pbrevestiment.com\/index.php\/wp-json\/wp\/v2\/users\/1"}],"replies":[{"embeddable":true,"href":"https:\/\/www.pbrevestiment.com\/index.php\/wp-json\/wp\/v2\/comments?post=40"}],"version-history":[{"count":5,"href":"https:\/\/www.pbrevestiment.com\/index.php\/wp-json\/wp\/v2\/pages\/40\/revisions"}],"predecessor-version":[{"id":94,"href":"https:\/\/www.pbrevestiment.com\/index.php\/wp-json\/wp\/v2\/pages\/40\/revisions\/94"}],"wp:attachment":[{"href":"https:\/\/www.pbrevestiment.com\/index.php\/wp-json\/wp\/v2\/media?parent=40"}],"curies":[{"name":"wp","href":"https:\/\/api.w.org\/{rel}","templated":true}]}}