{"id":25,"date":"2023-05-06T21:07:29","date_gmt":"2023-05-06T21:07:29","guid":{"rendered":"http:\/\/www.pbrevestiment.com\/?page_id=25"},"modified":"2023-05-07T12:13:12","modified_gmt":"2023-05-07T12:13:12","slug":"home-2","status":"publish","type":"page","link":"https:\/\/www.pbrevestiment.com\/","title":{"rendered":"Home 2"},"content":{"rendered":"\n<div class=\"wp-block-uagb-container uagb-block-3da8577f alignfull uagb-is-root-container\"><div class=\"uagb-container-inner-blocks-wrap\">\n<div class=\"wp-block-uagb-container uagb-block-68ba3668\">\n<div class=\"wp-block-uagb-advanced-heading uagb-block-e6ca9474\"><h6 class=\"uagb-heading-text\"><strong>CONSTRUCCI\u00d3N Y REHABILITACI\u00d3N<\/strong><\/h6><\/div>\n\n\n\n<div class=\"wp-block-uagb-advanced-heading uagb-block-e6df373f\"><h1 class=\"uagb-heading-text\"><strong>M\u00e1s de 15 a\u00f1os de experiencia<\/strong><\/h1><p class=\"uagb-desc-text\">Empresa l\u00edder en construcci\u00f3n sostenible e innovadora, especializada en reformas y rehabilitaci\u00f3n, brinda excelencia en servicio y asesor\u00eda para cada proyecto, garantizando calidad y respeto al medio ambiente.<\/p><\/div>\n\n\n\n<div class=\"wp-block-uagb-info-box uagb-block-2bb3317b uagb-infobox__content-wrap  uagb-infobox-icon-above-title uagb-infobox-image-valign-top\"><div class=\"uagb-ifb-content\"><div class=\"uagb-ifb-title-wrap\"><\/div><div class=\"uagb-ifb-separator\"><\/div><\/div><\/div>\n\n\n\n<div class=\"wp-block-uagb-advanced-heading uagb-block-309f4277\"><h6 class=\"uagb-heading-text\"><strong><strong>LLAMANANOS<\/strong><\/strong><\/h6><\/div>\n\n\n\n<div class=\"wp-block-uagb-icon-list uagb-block-7af529f6\"><div class=\"uagb-icon-list__wrap\">\n<div class=\"wp-block-uagb-icon-list-child uagb-block-77dd2afd\"><span class=\"uagb-icon-list__source-wrap\"><svg xmlns=\"https:\/\/www.w3.org\/2000\/svg\" viewBox=\"0 0 512 512\"><path d=\"M18.92 351.2l108.5-46.52c12.78-5.531 27.77-1.801 36.45 8.98l44.09 53.82c69.25-34 125.5-90.31 159.5-159.5l-53.81-44.04c-10.75-8.781-14.41-23.69-8.974-36.47l46.51-108.5c6.094-13.91 21.1-21.52 35.79-18.11l100.8 23.25c14.25 3.25 24.22 15.8 24.22 30.46c0 252.3-205.2 457.5-457.5 457.5c-14.67 0-27.18-9.968-30.45-24.22l-23.25-100.8C-2.571 372.4 5.018 357.2 18.92 351.2z\"><\/path><\/svg><\/span><span class=\"uagb-icon-list__label\">+34 687445583<\/span><\/div>\n<\/div><\/div>\n<\/div>\n\n\n\n<div class=\"wp-block-uagb-container uagb-block-51190568\">\n<div class=\"wp-block-uagb-advanced-heading uagb-block-290ecf77\"><h3 class=\"uagb-heading-text\">Solicita tu presupuesto<\/h3><\/div>\n\n\n<style id=\"wpforms-css-vars-root\">\n\t\t\t\t:root {\n\t\t\t\t\t--wpforms-field-border-radius: 3px;\n--wpforms-field-background-color: #ffffff;\n--wpforms-field-border-color: rgba( 0, 0, 0, 0.25 );\n--wpforms-field-text-color: rgba( 0, 0, 0, 0.7 );\n--wpforms-label-color: rgba( 0, 0, 0, 0.85 );\n--wpforms-label-sublabel-color: rgba( 0, 0, 0, 0.55 );\n--wpforms-label-error-color: #d63637;\n--wpforms-button-border-radius: 3px;\n--wpforms-button-background-color: #066aab;\n--wpforms-button-text-color: #ffffff;\n--wpforms-field-size-input-height: 43px;\n--wpforms-field-size-input-spacing: 15px;\n--wpforms-field-size-font-size: 16px;\n--wpforms-field-size-line-height: 19px;\n--wpforms-field-size-padding-h: 14px;\n--wpforms-field-size-checkbox-size: 16px;\n--wpforms-field-size-sublabel-spacing: 5px;\n--wpforms-field-size-icon-size: 1;\n--wpforms-label-size-font-size: 16px;\n--wpforms-label-size-line-height: 19px;\n--wpforms-label-size-sublabel-font-size: 14px;\n--wpforms-label-size-sublabel-line-height: 17px;\n--wpforms-button-size-font-size: 17px;\n--wpforms-button-size-height: 41px;\n--wpforms-button-size-padding-h: 15px;\n--wpforms-button-size-margin-top: 10px;\n\n\t\t\t\t}\n\t\t\t<\/style><style id=\"wpforms-css-vars-26-block-1aa3342a-1e0d-46e5-b1a3-ffa83aad017c\">\n\t\t\t\t#wpforms-26.wpforms-block-1aa3342a-1e0d-46e5-b1a3-ffa83aad017c {\n\t\t\t\t\t--wpforms-field-text-color: #000000;\n--wpforms-label-color: var(--paletteColor8, #ffffff);\n--wpforms-button-text-color: var(--paletteColor8, #ffffff);\n\n\t\t\t\t}\n\t\t\t<\/style><div class=\"wpforms-container wpforms-container-full wpforms-block wpforms-block-1aa3342a-1e0d-46e5-b1a3-ffa83aad017c wpforms-render-modern\" id=\"wpforms-26\"><form id=\"wpforms-form-26\" class=\"wpforms-validate wpforms-form\" data-formid=\"26\" method=\"post\" enctype=\"multipart\/form-data\" action=\"\/index.php\/wp-json\/wp\/v2\/pages\/25\" data-token=\"37ddfa2c4ca83e725d7ddc021f925884\"><noscript class=\"wpforms-error-noscript\">Por favor, activa JavaScript en tu navegador para completar este formulario.<\/noscript><div class=\"wpforms-hidden\" id=\"wpforms-error-noscript\">Por favor, activa JavaScript en tu navegador para completar este formulario.<\/div><div class=\"wpforms-field-container\"><div id=\"wpforms-26-field_0-container\" class=\"wpforms-field wpforms-field-name\" data-field-id=\"0\"><label class=\"wpforms-field-label\" for=\"wpforms-26-field_0\">Tu nombre (Obligatorio) <span class=\"wpforms-required-label\" aria-hidden=\"true\">*<\/span><\/label><input type=\"text\" id=\"wpforms-26-field_0\" class=\"wpforms-field-large wpforms-field-required\" name=\"wpforms[fields][0]\" aria-errormessage=\"wpforms-26-field_0-error\" required><\/div><div id=\"wpforms-26-field_1-container\" class=\"wpforms-field wpforms-field-email\" data-field-id=\"1\"><label class=\"wpforms-field-label\" for=\"wpforms-26-field_1\">Email (Obligatorio) <span class=\"wpforms-required-label\" aria-hidden=\"true\">*<\/span><\/label><input type=\"email\" id=\"wpforms-26-field_1\" class=\"wpforms-field-large wpforms-field-required\" name=\"wpforms[fields][1]\" spellcheck=\"false\" aria-errormessage=\"wpforms-26-field_1-error\" required><\/div><div id=\"wpforms-26-field_2-container\" class=\"wpforms-field wpforms-field-textarea\" data-field-id=\"2\"><label class=\"wpforms-field-label\" for=\"wpforms-26-field_2\">Describe tu proyecto <span class=\"wpforms-required-label\" aria-hidden=\"true\">*<\/span><\/label><textarea id=\"wpforms-26-field_2\" class=\"wpforms-field-medium wpforms-field-required\" name=\"wpforms[fields][2]\" aria-errormessage=\"wpforms-26-field_2-error\" required><\/textarea><\/div><\/div><!-- .wpforms-field-container --><div class=\"wpforms-field wpforms-field-hp\"><label for=\"wpforms-26-field-hp\" class=\"wpforms-field-label\">Comment<\/label><input type=\"text\" name=\"wpforms[hp]\" id=\"wpforms-26-field-hp\" class=\"wpforms-field-medium\"><\/div><div class=\"wpforms-submit-container\" ><input type=\"hidden\" name=\"wpforms[id]\" value=\"26\"><input type=\"hidden\" name=\"wpforms[author]\" value=\"1\"><button type=\"submit\" name=\"wpforms[submit]\" id=\"wpforms-submit-26\" class=\"wpforms-submit\" data-alt-text=\"Sending...\" data-submit-text=\"Enviar\" aria-live=\"assertive\" value=\"wpforms-submit\">Enviar<\/button><\/div><\/form><\/div>  <!-- .wpforms-container --><\/div>\n<\/div><\/div>\n\n\n\n<div class=\"wp-block-uagb-container uagb-block-d8579a76 alignfull uagb-is-root-container\"><div class=\"uagb-container-inner-blocks-wrap\">\n<div class=\"wp-block-uagb-container uagb-block-233866b4\">\n<div class=\"wp-block-uagb-advanced-heading uagb-block-182c486e\"><h6 class=\"uagb-heading-text\"><strong><strong>Quienes somos\u200b<\/strong><\/strong><\/h6><\/div>\n\n\n\n<div class=\"wp-block-uagb-info-box uagb-block-2390212d uagb-infobox__content-wrap  uagb-infobox-icon-above-title uagb-infobox-image-valign-top\"><div class=\"uagb-ifb-content\"><div class=\"uagb-ifb-title-wrap\"><h2 class=\"uagb-ifb-title\">Innovaci\u00f3n y Sostenibilidad: L\u00edderes en Construcci\u00f3n y Rehabilitaci\u00f3n<\/h2><\/div><div class=\"uagb-ifb-separator\"><\/div><p class=\"uagb-ifb-desc\">Somos una empresa l\u00edder en el sector de la construcci\u00f3n, enfocada en la innovaci\u00f3n y comprometida con el desarrollo sostenible y la responsabilidad ecol\u00f3gica. Nos mantenemos a la vanguardia en la ejecuci\u00f3n de proyectos de construcci\u00f3n y rehabilitaci\u00f3n, utilizando maquinaria y tecnolog\u00edas de \u00faltima generaci\u00f3n para ofrecer el mejor servicio y asesoramiento personalizado en cada uno de tus proyectos. Nuestra misi\u00f3n es materializar tus ideas y necesidades, garantizando resultados de alta calidad y durabilidad, siempre respetando el medio ambiente.<\/p><\/div><\/div>\n<\/div>\n\n\n\n<div class=\"wp-block-uagb-container uag-blocks-common-selector uagb-block-031d4dce\">\n<div class=\"wp-block-uagb-image uagb-block-05b12058 wp-block-uagb-image--layout-default wp-block-uagb-image--effect-static wp-block-uagb-image--align-none\"><figure class=\"wp-block-uagb-image__figure\"><img decoding=\"async\" srcset=\"http:\/\/www.pbrevestiment.com\/wp-content\/uploads\/2023\/05\/fachada.jpg \" sizes=\"auto, (max-width: 480px) 150px\" src=\"http:\/\/www.pbrevestiment.com\/wp-content\/uploads\/2023\/05\/fachada.jpg\" alt=\"\" class=\"uag-image-87\" width=\"2153\" height=\"1538\" title=\"\" loading=\"lazy\"\/><\/figure><\/div>\n\n\n\n<div class=\"wp-block-uagb-image uagb-block-3c22655a wp-block-uagb-image--layout-default wp-block-uagb-image--effect-static wp-block-uagb-image--align-none\"><figure class=\"wp-block-uagb-image__figure\"><img decoding=\"async\" srcset=\"http:\/\/www.pbrevestiment.com\/wp-content\/uploads\/2023\/05\/furgospb.jpeg ,http:\/\/www.pbrevestiment.com\/wp-content\/uploads\/2023\/05\/plumber-handyman-repair.jpg 780w\" sizes=\"auto, (max-width: 480px) 150px\" src=\"http:\/\/www.pbrevestiment.com\/wp-content\/uploads\/2023\/05\/furgospb.jpeg\" alt=\"\" class=\"uag-image-60\" width=\"1829\" height=\"2560\" title=\"\" loading=\"lazy\"\/><\/figure><\/div>\n<\/div>\n<\/div><\/div>\n\n\n\n<div class=\"wp-block-uagb-container uag-blocks-common-selector uagb-block-b69c3077 alignfull uagb-is-root-container\"><div class=\"uagb-container-inner-blocks-wrap\">\n<div class=\"wp-block-uagb-advanced-heading uagb-block-1b1967d4\"><\/div>\n\n\n\n<div class=\"wp-block-uagb-advanced-heading uagb-block-0fe4af70\"><h2 class=\"uagb-heading-text\">Nuestros servicios<\/h2><div class=\"uagb-separator\"><\/div><\/div>\n\n\n\n<div class=\"wp-block-uagb-container uagb-block-12687584\">\n<div class=\"wp-block-uagb-info-box uagb-block-220542bd uagb-infobox__content-wrap  uagb-infobox-icon-above-title uagb-infobox-image-valign-top\"><div class=\"uagb-ifb-content\"><div class=\"uagb-ifb-title-wrap\"><span class=\"uagb-ifb-title-prefix\">01.<\/span><h4 class=\"uagb-ifb-title\">Yeso de interiores<\/h4><\/div><p class=\"uagb-ifb-desc\">Enyesado en interiores de alta calidad y sostenible, utilizando maquinaria de proyecci\u00f3n avanzada para un acabado uniforme y eficiente, a cargo de profesionales experimentados y comprometidos con el cuidado del medio ambiente.<\/p><\/div><\/div>\n\n\n\n<div class=\"wp-block-uagb-info-box uagb-block-299352f7 uagb-infobox__content-wrap  uagb-infobox-icon-above-title uagb-infobox-image-valign-top\"><div class=\"uagb-ifb-content\"><div class=\"uagb-ifb-title-wrap\"><span class=\"uagb-ifb-title-prefix\">02.<\/span><h4 class=\"uagb-ifb-title\">Mortero de exteriores<\/h4><\/div><p class=\"uagb-ifb-desc\">Completo servicio de proyectado de mortero para exteriores, incluyendo revocados, mortero de cal, mineral e hidrofugado. Adapt\u00e1ndonos a las necesidades espec\u00edficas de cada proyecto, utilizamos materiales ecol\u00f3gicos y maquinaria avanzada para garantizar durabilidad, protecci\u00f3n y eficiencia en la aplicaci\u00f3n. <\/p><\/div><\/div>\n\n\n\n<div class=\"wp-block-uagb-info-box uagb-block-8498ba4e uagb-infobox__content-wrap  uagb-infobox-icon-above-title uagb-infobox-image-valign-top\"><div class=\"uagb-ifb-content\"><div class=\"uagb-ifb-title-wrap\"><span class=\"uagb-ifb-title-prefix\">03.<\/span><h4 class=\"uagb-ifb-title\">Sistema SATE<\/h4><\/div><p class=\"uagb-ifb-desc\">Soluci\u00f3n eficiente y sostenible para el aislamiento t\u00e9rmico de edificios. Este sistema, aplicado en la fachada exterior, mejora la eficiencia energ\u00e9tica y reduce el consumo y las emisiones de CO2.  Ofrecemos diversos acabados y texturas. El sistema SATE contribuye al  confort interior, el ahorro energ\u00e9tico y el cuidado del medio ambiente.<\/p><\/div><\/div>\n<\/div>\n\n\n\n<div class=\"wp-block-uagb-container uagb-block-d27669c9\">\n<div class=\"wp-block-uagb-info-box uagb-block-0411f0b4 uagb-infobox__content-wrap  uagb-infobox-icon-above-title uagb-infobox-image-valign-top\"><div class=\"uagb-ifb-content\"><div class=\"uagb-ifb-title-wrap\"><span class=\"uagb-ifb-title-prefix\">04.<\/span><h4 class=\"uagb-ifb-title\">Ignifugado<\/h4><\/div><p class=\"uagb-ifb-desc\">Proyectado ign\u00edfugo para proteger estructuras y materiales contra el fuego. Utilizamos recubrimientos espec\u00edficos y maquinaria avanzada para aplicar materiales resistentes a altas temperaturas. Este servicio es esencial en proyectos donde la seguridad es prioritaria, garantizando entornos m\u00e1s seguros y protegidos.<\/p><\/div><\/div>\n\n\n\n<div class=\"wp-block-uagb-info-box uagb-block-dbdc39fd uagb-infobox__content-wrap  uagb-infobox-icon-above-title uagb-infobox-image-valign-top\"><div class=\"uagb-ifb-content\"><div class=\"uagb-ifb-title-wrap\"><span class=\"uagb-ifb-title-prefix\">05.<\/span><h4 class=\"uagb-ifb-title\">Pintura acr\u00edlica<\/h4><\/div><p class=\"uagb-ifb-desc\">T\u00e9cnica avanzada que ofrece acabados de alta calidad en superficies interiores y exteriores. El uso de maquinaria especializada permite una aplicaci\u00f3n r\u00e1pida y uniforme, reduciendo el tiempo de ejecuci\u00f3n y mejorando la eficiencia. Trabajamos con una amplia gama de colores y acabados, garantizando resultados personalizados, duraderos y est\u00e9ticamente atractivos en tus proyectos.<\/p><\/div><\/div>\n\n\n\n<div class=\"wp-block-uagb-info-box uagb-block-79f27737 uagb-infobox__content-wrap  uagb-infobox-icon-above-title uagb-infobox-image-valign-top\"><div class=\"uagb-ifb-content\"><div class=\"uagb-ifb-title-wrap\"><span class=\"uagb-ifb-title-prefix\">06.<\/span><h4 class=\"uagb-ifb-title\">Alba\u00f1iler\u00eda<\/h4><\/div><p class=\"uagb-ifb-desc\">Enfocada en rehabilitaciones, abordando la restauraci\u00f3n y mejora de edificaciones existentes. Contamos con un equipo de profesionales experimentados en trabajos como reparaci\u00f3n de muros, fachadas, revestimientos y solados, as\u00ed como soluci\u00f3n de problemas estructurales. Utilizamos materiales de calidad y t\u00e9cnicas sostenibles, respetando las caracter\u00edsticas originales y adapt\u00e1ndonos a las necesidades del cliente. <\/p><\/div><\/div>\n<\/div>\n<\/div><\/div>\n\n\n\n<div class=\"wp-block-uagb-container uagb-block-20df5a27 alignfull uagb-is-root-container\">\n<div class=\"wp-block-uagb-container uagb-block-227b3c3a\"><\/div>\n\n\n\n<div class=\"wp-block-uagb-container uagb-block-fd8aa413\">\n<div class=\"wp-block-uagb-advanced-heading uagb-block-af071501\"><h3 class=\"uagb-heading-text\">Ll\u00e1manos y solicita tu presupuesto<\/h3><div class=\"uagb-separator\"><\/div><\/div>\n\n\n\n<div class=\"wp-block-uagb-icon-list uagb-block-a6d228f1\"><div class=\"uagb-icon-list__wrap\">\n<div class=\"wp-block-uagb-icon-list-child uagb-block-97eaed4b\"><span class=\"uagb-icon-list__source-wrap\"><svg xmlns=\"https:\/\/www.w3.org\/2000\/svg\" viewBox=\"0 0 512 512\"><path d=\"M18.92 351.2l108.5-46.52c12.78-5.531 27.77-1.801 36.45 8.98l44.09 53.82c69.25-34 125.5-90.31 159.5-159.5l-53.81-44.04c-10.75-8.781-14.41-23.69-8.974-36.47l46.51-108.5c6.094-13.91 21.1-21.52 35.79-18.11l100.8 23.25c14.25 3.25 24.22 15.8 24.22 30.46c0 252.3-205.2 457.5-457.5 457.5c-14.67 0-27.18-9.968-30.45-24.22l-23.25-100.8C-2.571 372.4 5.018 357.2 18.92 351.2z\"><\/path><\/svg><\/span><span class=\"uagb-icon-list__label\">+34 687445583<\/span><\/div>\n<\/div><\/div>\n<\/div>\n<\/div>\n","protected":false},"excerpt":{"rendered":"","protected":false},"author":1,"featured_media":0,"parent":0,"menu_order":0,"comment_status":"closed","ping_status":"closed","template":"","meta":{"_uag_custom_page_level_css":"","footnotes":""},"class_list":["post-25","page","type-page","status-publish","hentry"],"blocksy_meta":{"has_hero_section":"disabled"},"featured_image_urls":{"full":"","thumbnail":"","medium":"","medium_large":"","large":"","1536x1536":"","2048x2048":"","trp-custom-language-flag":""},"post_excerpt_stackable":"<p>CONSTRUCCI\u00d3N Y REHABILITACI\u00d3N M\u00e1s de 15 a\u00f1os de experienciaEmpresa l\u00edder en construcci\u00f3n sostenible e innovadora, especializada en reformas y rehabilitaci\u00f3n, brinda excelencia en servicio y asesor\u00eda para cada proyecto, garantizando calidad y respeto al medio ambiente. LLAMANANOS +34 687445583 Solicita tu presupuesto Por favor, activa JavaScript en tu navegador para completar este formulario.Por favor, activa JavaScript en tu navegador para completar este formulario.Tu nombre (Obligatorio) *Email (Obligatorio) *Describe tu proyecto *EmailEnviar Quienes somos\u200b Innovaci\u00f3n y Sostenibilidad: L\u00edderes en Construcci\u00f3n y Rehabilitaci\u00f3nSomos una empresa l\u00edder en el sector de la construcci\u00f3n, enfocada en la innovaci\u00f3n y comprometida con el desarrollo sostenible&hellip;<\/p>\n","category_list":"","author_info":{"name":"admin3143","url":"https:\/\/www.pbrevestiment.com\/index.php\/author\/admin3143\/"},"comments_num":"0 comentarios","uagb_featured_image_src":{"full":false,"thumbnail":false,"medium":false,"medium_large":false,"large":false,"1536x1536":false,"2048x2048":false,"trp-custom-language-flag":false},"uagb_author_info":{"display_name":"admin3143","author_link":"https:\/\/www.pbrevestiment.com\/index.php\/author\/admin3143\/"},"uagb_comment_info":0,"uagb_excerpt":null,"_links":{"self":[{"href":"https:\/\/www.pbrevestiment.com\/index.php\/wp-json\/wp\/v2\/pages\/25","targetHints":{"allow":["GET"]}}],"collection":[{"href":"https:\/\/www.pbrevestiment.com\/index.php\/wp-json\/wp\/v2\/pages"}],"about":[{"href":"https:\/\/www.pbrevestiment.com\/index.php\/wp-json\/wp\/v2\/types\/page"}],"author":[{"embeddable":true,"href":"https:\/\/www.pbrevestiment.com\/index.php\/wp-json\/wp\/v2\/users\/1"}],"replies":[{"embeddable":true,"href":"https:\/\/www.pbrevestiment.com\/index.php\/wp-json\/wp\/v2\/comments?post=25"}],"version-history":[{"count":18,"href":"https:\/\/www.pbrevestiment.com\/index.php\/wp-json\/wp\/v2\/pages\/25\/revisions"}],"predecessor-version":[{"id":90,"href":"https:\/\/www.pbrevestiment.com\/index.php\/wp-json\/wp\/v2\/pages\/25\/revisions\/90"}],"wp:attachment":[{"href":"https:\/\/www.pbrevestiment.com\/index.php\/wp-json\/wp\/v2\/media?parent=25"}],"curies":[{"name":"wp","href":"https:\/\/api.w.org\/{rel}","templated":true}]}}